{"id":264,"date":"2012-10-25T18:11:53","date_gmt":"2012-10-25T18:11:53","guid":{"rendered":"http:\/\/white-rock-progressionstudios.mystagingwebsite.com\/?page_id=7"},"modified":"2022-11-06T16:26:44","modified_gmt":"2022-11-06T16:26:44","slug":"about-us","status":"publish","type":"page","link":"http:\/\/restaurant-laudensack.de\/","title":{"rendered":"Home"},"content":{"rendered":"<p><div class=\"grid2column\"><\/div><div class=\"grid2column lastcolumn\"><br \/>\nEin herzliches &#8222;Gr\u00fc\u00df Gott&#8220;<br \/>\nim &#8222;Restaurant und Caf\u00e9 Laudensack&#8220; in Bad Bocklet.<br \/>\nWir freuen uns sehr, Sie als Freund und Gast bei uns zu begr\u00fc\u00dfen.<br \/>\nAuf unserer Speisekarte finden Sie eine reichhaltige Auswahl an fr\u00e4nkischen, deutschen und internationalen Gerichten, die wir \u00fcberwiegend mit Produkten aus der Region herstellen.<br \/>\nDarauf legen wir gro\u00dfen Wert.<br \/>\nAuf der aktuellen Tageskarte bieten wir zus\u00e4tzlich noch weitere fr\u00e4nkische Spezialit\u00e4ten und preiswerte saisonale Gerichte an.<\/div><div class=\"clearfix\"><\/div><br \/>\n<div class=\"grid2column\"><\/p>\n<p>Sonntags beim Mittagstisch z.B. servieren wir &#8211; wie in Franken \u00fcblich &#8211; immer verschiedene Bratengerichte und hausgemachte Kl\u00f6\u00dfe.<br \/>\nAuf Vorbestellungen gehen wir gerne auf Ihre speziellen W\u00fcnsche ein udn bieten Ihnen private oder gesch\u00e4ftliche Feiern eine Speisenauswahl individuell auf Ihre Bed\u00fcrfnisse und W\u00fcnsche abgestimmt.<br \/>\nGenie\u00dfen Sie z.B. frische Sch\u00e4ufele, Haxen vom Grill, gegrillten Bauch oder ein knuspriges Spanferkel. Bitte sprechen Sie mit uns.<br \/>\nWir w\u00fcnschen Ihnen einen angenehmen Aufenthalt.<br \/>\nIhre Gastgeber<br \/>\nLampis Papadopoulos &amp; Ilona Paluch<br \/>\n<\/div><div class=\"grid2column lastcolumn\"><\/div><div class=\"clearfix\"><\/div><div class=\"grid2column\"><\/div><div class=\"grid2column lastcolumn\"><br \/>\n<\/div><div class=\"clearfix\"><\/div><\/p>\n","protected":false},"excerpt":{"rendered":"","protected":false},"author":1,"featured_media":38,"parent":0,"menu_order":0,"comment_status":"open","ping_status":"open","template":"","meta":[],"_links":{"self":[{"href":"http:\/\/restaurant-laudensack.de\/index.php?rest_route=\/wp\/v2\/pages\/264"}],"collection":[{"href":"http:\/\/restaurant-laudensack.de\/index.php?rest_route=\/wp\/v2\/pages"}],"about":[{"href":"http:\/\/restaurant-laudensack.de\/index.php?rest_route=\/wp\/v2\/types\/page"}],"author":[{"embeddable":true,"href":"http:\/\/restaurant-laudensack.de\/index.php?rest_route=\/wp\/v2\/users\/1"}],"replies":[{"embeddable":true,"href":"http:\/\/restaurant-laudensack.de\/index.php?rest_route=%2Fwp%2Fv2%2Fcomments&post=264"}],"version-history":[{"count":41,"href":"http:\/\/restaurant-laudensack.de\/index.php?rest_route=\/wp\/v2\/pages\/264\/revisions"}],"predecessor-version":[{"id":605,"href":"http:\/\/restaurant-laudensack.de\/index.php?rest_route=\/wp\/v2\/pages\/264\/revisions\/605"}],"wp:featuredmedia":[{"embeddable":true,"href":"http:\/\/restaurant-laudensack.de\/index.php?rest_route=\/wp\/v2\/media\/38"}],"wp:attachment":[{"href":"http:\/\/restaurant-laudensack.de\/index.php?rest_route=%2Fwp%2Fv2%2Fmedia&parent=264"}],"curies":[{"name":"wp","href":"https:\/\/api.w.org\/{rel}","templated":true}]}}